{"id":450,"date":"2024-04-19T16:58:02","date_gmt":"2024-04-19T16:58:02","guid":{"rendered":"https:\/\/www.puntoweb.net.pe\/cepmahyo2\/?page_id=450"},"modified":"2024-05-03T18:31:36","modified_gmt":"2024-05-03T18:31:36","slug":"comunidad","status":"publish","type":"page","link":"https:\/\/www.puntoweb.net.pe\/cepmahyo2\/comunidad\/","title":{"rendered":"Comunidad"},"content":{"rendered":"\t\t<div data-elementor-type=\"wp-page\" data-elementor-id=\"450\" class=\"elementor elementor-450\" data-elementor-post-type=\"page\">\n\t\t\t\t<div class=\"elementor-element elementor-element-20f5e4a e-flex e-con-boxed e-con e-parent\" data-id=\"20f5e4a\" data-element_type=\"container\" data-e-type=\"container\" data-settings=\"{&quot;background_background&quot;:&quot;gradient&quot;}\">\n\t\t\t\t\t<div class=\"e-con-inner\">\n\t\t\t\t<div class=\"elementor-element elementor-element-e6c45d2 elementor-widget elementor-widget-heading\" data-id=\"e6c45d2\" data-element_type=\"widget\" data-e-type=\"widget\" data-widget_type=\"heading.default\">\n\t\t\t\t<div class=\"elementor-widget-container\">\n\t\t\t\t\t<h2 class=\"elementor-heading-title elementor-size-default\">COMUNIDAD<\/h2>\t\t\t\t<\/div>\n\t\t\t\t<\/div>\n\t\t\t\t\t<\/div>\n\t\t\t\t<\/div>\n\t\t<div class=\"elementor-element elementor-element-a78b1e4 e-flex e-con-boxed e-con e-parent\" data-id=\"a78b1e4\" data-element_type=\"container\" data-e-type=\"container\" data-settings=\"{&quot;background_background&quot;:&quot;classic&quot;}\">\n\t\t\t\t\t<div class=\"e-con-inner\">\n\t\t<div class=\"elementor-element elementor-element-f316e79 e-con-full e-flex e-con e-child\" data-id=\"f316e79\" data-element_type=\"container\" data-e-type=\"container\">\n\t\t\t\t<div class=\"elementor-element elementor-element-2084172 elementor-widget elementor-widget-heading\" data-id=\"2084172\" data-element_type=\"widget\" data-e-type=\"widget\" data-widget_type=\"heading.default\">\n\t\t\t\t<div class=\"elementor-widget-container\">\n\t\t\t\t\t<h2 class=\"elementor-heading-title elementor-size-default\">Personal del Colegio\n<\/h2>\t\t\t\t<\/div>\n\t\t\t\t<\/div>\n\t\t\t\t<div class=\"elementor-element elementor-element-811e805 elementor-view-default elementor-widget elementor-widget-icon\" data-id=\"811e805\" data-element_type=\"widget\" data-e-type=\"widget\" data-widget_type=\"icon.default\">\n\t\t\t\t<div class=\"elementor-widget-container\">\n\t\t\t\t\t\t\t<div class=\"elementor-icon-wrapper\">\n\t\t\t<div class=\"elementor-icon\">\n\t\t\t<svg aria-hidden=\"true\" class=\"e-font-icon-svg e-fas-users\" viewBox=\"0 0 640 512\" xmlns=\"http:\/\/www.w3.org\/2000\/svg\"><path d=\"M96 224c35.3 0 64-28.7 64-64s-28.7-64-64-64-64 28.7-64 64 28.7 64 64 64zm448 0c35.3 0 64-28.7 64-64s-28.7-64-64-64-64 28.7-64 64 28.7 64 64 64zm32 32h-64c-17.6 0-33.5 7.1-45.1 18.6 40.3 22.1 68.9 62 75.1 109.4h66c17.7 0 32-14.3 32-32v-32c0-35.3-28.7-64-64-64zm-256 0c61.9 0 112-50.1 112-112S381.9 32 320 32 208 82.1 208 144s50.1 112 112 112zm76.8 32h-8.3c-20.8 10-43.9 16-68.5 16s-47.6-6-68.5-16h-8.3C179.6 288 128 339.6 128 403.2V432c0 26.5 21.5 48 48 48h288c26.5 0 48-21.5 48-48v-28.8c0-63.6-51.6-115.2-115.2-115.2zm-223.7-13.4C161.5 263.1 145.6 256 128 256H64c-35.3 0-64 28.7-64 64v32c0 17.7 14.3 32 32 32h65.9c6.3-47.4 34.9-87.3 75.2-109.4z\"><\/path><\/svg>\t\t\t<\/div>\n\t\t<\/div>\n\t\t\t\t\t\t<\/div>\n\t\t\t\t<\/div>\n\t\t\t\t<\/div>\n\t\t<div class=\"elementor-element elementor-element-a5a1de8 e-con-full e-flex e-con e-child\" data-id=\"a5a1de8\" data-element_type=\"container\" data-e-type=\"container\">\n\t\t\t\t<div class=\"elementor-element elementor-element-ea93d6a elementor-widget elementor-widget-text-editor\" data-id=\"ea93d6a\" data-element_type=\"widget\" data-e-type=\"widget\" data-widget_type=\"text-editor.default\">\n\t\t\t\t<div class=\"elementor-widget-container\">\n\t\t\t\t\t\t\t\t\t<h4>Dr. Carlos Enrique Vento Cangalaya<\/h4><p>Misi\u00f3n: Director<\/p><h4>Sor Bersabeth Ch\u00e1vez Mancilla<\/h4><p>Misi\u00f3n: Directora comunidad<br \/>Administradora<\/p><h4>Sor Karla Emma Rojas Mendoza<\/h4><p>Misi\u00f3n: Coordinadora de Pastoral<\/p><h4>Sor Gladys Mar\u00eda del Rocio Tresierra Malarin<\/h4><p>Misi\u00f3n: Pastoral de adultos<\/p><h4>Sor Mar\u00eda Elida Castillo<\/h4><p>Misi\u00f3n: Directora del CETPRO<\/p><h4>Sor Flora Luque Berrocal<\/h4><p>Misi\u00f3n: Catequista<\/p><h4>Sor Edna Moreno Esp\u00edritu<\/h4><p>Misi\u00f3n: Catequista<\/p><h4>Sor Julia Emiliana Santillana Carpio<\/h4><p>Misi\u00f3n: Catequista<\/p><h4>Sor Rosa Reynita Vilchez Palomino<\/h4><p>Misi\u00f3n: Catequista<\/p>\t\t\t\t\t\t\t\t<\/div>\n\t\t\t\t<\/div>\n\t\t\t\t<\/div>\n\t\t<div class=\"elementor-element elementor-element-50fb0dc e-con-full e-flex e-con e-child\" data-id=\"50fb0dc\" data-element_type=\"container\" data-e-type=\"container\">\n\t\t\t\t<div class=\"elementor-element elementor-element-0a5863d elementor-widget elementor-widget-image\" data-id=\"0a5863d\" data-element_type=\"widget\" data-e-type=\"widget\" data-widget_type=\"image.default\">\n\t\t\t\t<div class=\"elementor-widget-container\">\n\t\t\t\t\t\t\t\t\t\t\t\t\t\t\t<img fetchpriority=\"high\" decoding=\"async\" width=\"1024\" height=\"606\" src=\"https:\/\/www.puntoweb.net.pe\/cepmahyo2\/wp-content\/uploads\/2024\/04\/web-1024x606-1.jpg\" class=\"attachment-large size-large wp-image-453\" alt=\"\" srcset=\"https:\/\/www.puntoweb.net.pe\/cepmahyo2\/wp-content\/uploads\/2024\/04\/web-1024x606-1.jpg 1024w, https:\/\/www.puntoweb.net.pe\/cepmahyo2\/wp-content\/uploads\/2024\/04\/web-1024x606-1-300x178.jpg 300w, https:\/\/www.puntoweb.net.pe\/cepmahyo2\/wp-content\/uploads\/2024\/04\/web-1024x606-1-768x455.jpg 768w\" sizes=\"(max-width: 1024px) 100vw, 1024px\" \/>\t\t\t\t\t\t\t\t\t\t\t\t\t\t\t<\/div>\n\t\t\t\t<\/div>\n\t\t\t\t<\/div>\n\t\t\t\t\t<\/div>\n\t\t\t\t<\/div>\n\t\t<div class=\"elementor-element elementor-element-ae9ea7b e-flex e-con-boxed e-con e-parent\" data-id=\"ae9ea7b\" data-element_type=\"container\" data-e-type=\"container\">\n\t\t\t\t\t<div class=\"e-con-inner\">\n\t\t<div class=\"elementor-element elementor-element-d8f8707 e-con-full e-flex e-con e-child\" data-id=\"d8f8707\" data-element_type=\"container\" data-e-type=\"container\">\n\t\t\t\t<div class=\"elementor-element elementor-element-dcf61d5 elementor-widget elementor-widget-heading\" data-id=\"dcf61d5\" data-element_type=\"widget\" data-e-type=\"widget\" data-widget_type=\"heading.default\">\n\t\t\t\t<div class=\"elementor-widget-container\">\n\t\t\t\t\t<h2 class=\"elementor-heading-title elementor-size-default\">Educadores Laicos\n\n<\/h2>\t\t\t\t<\/div>\n\t\t\t\t<\/div>\n\t\t\t\t<div class=\"elementor-element elementor-element-e5c3b9c elementor-view-default elementor-widget elementor-widget-icon\" data-id=\"e5c3b9c\" data-element_type=\"widget\" data-e-type=\"widget\" data-widget_type=\"icon.default\">\n\t\t\t\t<div class=\"elementor-widget-container\">\n\t\t\t\t\t\t\t<div class=\"elementor-icon-wrapper\">\n\t\t\t<div class=\"elementor-icon\">\n\t\t\t<svg aria-hidden=\"true\" class=\"e-font-icon-svg e-fas-users\" viewBox=\"0 0 640 512\" xmlns=\"http:\/\/www.w3.org\/2000\/svg\"><path d=\"M96 224c35.3 0 64-28.7 64-64s-28.7-64-64-64-64 28.7-64 64 28.7 64 64 64zm448 0c35.3 0 64-28.7 64-64s-28.7-64-64-64-64 28.7-64 64 28.7 64 64 64zm32 32h-64c-17.6 0-33.5 7.1-45.1 18.6 40.3 22.1 68.9 62 75.1 109.4h66c17.7 0 32-14.3 32-32v-32c0-35.3-28.7-64-64-64zm-256 0c61.9 0 112-50.1 112-112S381.9 32 320 32 208 82.1 208 144s50.1 112 112 112zm76.8 32h-8.3c-20.8 10-43.9 16-68.5 16s-47.6-6-68.5-16h-8.3C179.6 288 128 339.6 128 403.2V432c0 26.5 21.5 48 48 48h288c26.5 0 48-21.5 48-48v-28.8c0-63.6-51.6-115.2-115.2-115.2zm-223.7-13.4C161.5 263.1 145.6 256 128 256H64c-35.3 0-64 28.7-64 64v32c0 17.7 14.3 32 32 32h65.9c6.3-47.4 34.9-87.3 75.2-109.4z\"><\/path><\/svg>\t\t\t<\/div>\n\t\t<\/div>\n\t\t\t\t\t\t<\/div>\n\t\t\t\t<\/div>\n\t\t\t\t<\/div>\n\t\t<div class=\"elementor-element elementor-element-be7aa50 e-con-full e-flex e-con e-child\" data-id=\"be7aa50\" data-element_type=\"container\" data-e-type=\"container\">\n\t\t\t\t<div class=\"elementor-element elementor-element-abfd26f elementor-widget elementor-widget-text-editor\" data-id=\"abfd26f\" data-element_type=\"widget\" data-e-type=\"widget\" data-widget_type=\"text-editor.default\">\n\t\t\t\t<div class=\"elementor-widget-container\">\n\t\t\t\t\t\t\t\t\t<h4>Joseline Milagros Bonilla Quispe<\/h4><p>1er. grado primaria Mornese<\/p><h4>Milena Milagros Yali Tinoco<\/h4><p>1er. grado primaria Valdocco<\/p><h4>Katty Luz Valladares Faustino<\/h4><p>2do. grado primaria Don Bosco<\/p><h4>Grayleen Sadith Romero Olivera<\/h4><p>2do. grado primaria Madre Mazzarello<\/p><h4>Erika Mayela Aylas Ricapa<\/h4><p>3er. grado primaria Domingo Savio<\/p><h4>Leandra Esquivel Mendez<\/h4><p>3er. grado primaria Laura Vicu\u00f1a<\/p><h4>Martha Palmira Rodr\u00edguez Delzo<\/h4><p>4to. grado primaria<\/p><h4>Jacqueline Baca Rodriguez<\/h4><p>5to grado primaria Nizza<\/p><h4>Maritza Cynthia Barreto Lizarraga<\/h4><p>5to. grado primaria Tur\u00edn<\/p><h4>Carla Rosa G\u00f3mez Avila<\/h4><p>6to grado de primaria<\/p><h4>Marleni Avila Or\u00e9<\/h4><p>Ingl\u00e9s \u2013 Primaria<\/p><h4>Lorena Flores Zuta<\/h4><p>Italiano \u2013 Primaria<\/p><h4>Edith Carmen Munive Ch\u00e1vez<\/h4><p>Ingl\u00e9s \u2013 Secundaria<\/p><p>\u00a0<\/p>\t\t\t\t\t\t\t\t<\/div>\n\t\t\t\t<\/div>\n\t\t\t\t<\/div>\n\t\t<div class=\"elementor-element elementor-element-f8e799c e-con-full e-flex e-con e-child\" data-id=\"f8e799c\" data-element_type=\"container\" data-e-type=\"container\">\n\t\t\t\t<div class=\"elementor-element elementor-element-076be32 elementor-widget elementor-widget-text-editor\" data-id=\"076be32\" data-element_type=\"widget\" data-e-type=\"widget\" data-widget_type=\"text-editor.default\">\n\t\t\t\t<div class=\"elementor-widget-container\">\n\t\t\t\t\t\t\t\t\t<h4>Benjam\u00edn Mezahuam\u00e1n Romero<\/h4><p>Inform\u00e1tica (2do. y 3ero. de Primaria)<br \/>Ciencias Sociales (Secundaria)<\/p><h4>Cristina Yesemmia Lara Calder\u00f3n<\/h4><p>Comunicaci\u00f3n (Secundaria)<br \/>Tutora 2do. Sec.<\/p><h4>Jhosef Albert Mateo Salazar<\/h4><p>Ciencias sociales \u2013 Desarrollo personal, ciudadan\u00eda y c\u00edvica (secundaria) Tutor 3er. Sec.<\/p><h4>Miriam Reyes \u00c1rtica<\/h4><p>Ciencia y tecnolog\u00eda \u2013 Secundaria<br \/>Tutora 4to. Sec.<\/p><h4>Anthony Arjuna Gir\u00f3n Cifuentes<\/h4><p>Inform\u00e1tica \u2013 Primaria y Secundaria<\/p><h4>Teresa Molina Cueva<\/h4><p>Matem\u00e1tica 1ero., 2do. y 3ero.<br \/>de secundaria<\/p><h4>Alex Romero Huam\u00e1n<\/h4><p>Matem\u00e1tica 4to. y 5to de secundaria<\/p><h4>Sirena Estrella Blancas Ch\u00e1vez<\/h4><p>Arte y Cultura (M\u00fasica)<br \/>Primaria \u2013 Secundaria<\/p><h4>Yosly Carolina oreg\u00f3n Tapia<\/h4><p>Arte y Cultura (Danza)<br \/>Primaria \u2013 Secundaria<\/p><h4>Luis Fausto Carlos Bejarano<\/h4><p>Educaci\u00f3n F\u00edsica \u2013 Primaria<\/p><h4>Zaida Laura Ayala<\/h4><p>Educaci\u00f3n F\u00edsica \u2013 Secundaria<\/p>\t\t\t\t\t\t\t\t<\/div>\n\t\t\t\t<\/div>\n\t\t\t\t<\/div>\n\t\t\t\t\t<\/div>\n\t\t\t\t<\/div>\n\t\t<div class=\"elementor-element elementor-element-ae72699 e-flex e-con-boxed e-con e-parent\" data-id=\"ae72699\" data-element_type=\"container\" data-e-type=\"container\">\n\t\t\t\t\t<div class=\"e-con-inner\">\n\t\t<div class=\"elementor-element elementor-element-ad6f44a e-con-full e-flex e-con e-child\" data-id=\"ad6f44a\" data-element_type=\"container\" data-e-type=\"container\">\n\t\t\t\t<div class=\"elementor-element elementor-element-2cd6e45 elementor-widget elementor-widget-heading\" data-id=\"2cd6e45\" data-element_type=\"widget\" data-e-type=\"widget\" data-widget_type=\"heading.default\">\n\t\t\t\t<div class=\"elementor-widget-container\">\n\t\t\t\t\t<h2 class=\"elementor-heading-title elementor-size-default\">Personal Administrativo\n\n\n<\/h2>\t\t\t\t<\/div>\n\t\t\t\t<\/div>\n\t\t\t\t<div class=\"elementor-element elementor-element-24afbf4 elementor-view-default elementor-widget elementor-widget-icon\" data-id=\"24afbf4\" data-element_type=\"widget\" data-e-type=\"widget\" data-widget_type=\"icon.default\">\n\t\t\t\t<div class=\"elementor-widget-container\">\n\t\t\t\t\t\t\t<div class=\"elementor-icon-wrapper\">\n\t\t\t<div class=\"elementor-icon\">\n\t\t\t<svg aria-hidden=\"true\" class=\"e-font-icon-svg e-fas-users\" viewBox=\"0 0 640 512\" xmlns=\"http:\/\/www.w3.org\/2000\/svg\"><path d=\"M96 224c35.3 0 64-28.7 64-64s-28.7-64-64-64-64 28.7-64 64 28.7 64 64 64zm448 0c35.3 0 64-28.7 64-64s-28.7-64-64-64-64 28.7-64 64 28.7 64 64 64zm32 32h-64c-17.6 0-33.5 7.1-45.1 18.6 40.3 22.1 68.9 62 75.1 109.4h66c17.7 0 32-14.3 32-32v-32c0-35.3-28.7-64-64-64zm-256 0c61.9 0 112-50.1 112-112S381.9 32 320 32 208 82.1 208 144s50.1 112 112 112zm76.8 32h-8.3c-20.8 10-43.9 16-68.5 16s-47.6-6-68.5-16h-8.3C179.6 288 128 339.6 128 403.2V432c0 26.5 21.5 48 48 48h288c26.5 0 48-21.5 48-48v-28.8c0-63.6-51.6-115.2-115.2-115.2zm-223.7-13.4C161.5 263.1 145.6 256 128 256H64c-35.3 0-64 28.7-64 64v32c0 17.7 14.3 32 32 32h65.9c6.3-47.4 34.9-87.3 75.2-109.4z\"><\/path><\/svg>\t\t\t<\/div>\n\t\t<\/div>\n\t\t\t\t\t\t<\/div>\n\t\t\t\t<\/div>\n\t\t\t\t<\/div>\n\t\t<div class=\"elementor-element elementor-element-b881376 e-con-full e-flex e-con e-child\" data-id=\"b881376\" data-element_type=\"container\" data-e-type=\"container\">\n\t\t\t\t<div class=\"elementor-element elementor-element-2053137 elementor-widget elementor-widget-text-editor\" data-id=\"2053137\" data-element_type=\"widget\" data-e-type=\"widget\" data-widget_type=\"text-editor.default\">\n\t\t\t\t<div class=\"elementor-widget-container\">\n\t\t\t\t\t\t\t\t\t<h4>Frida Mar\u00eda Jord\u00e1n Acosta<\/h4><p>Auxiliar de Secundaria<\/p><h4>Norma Moncada Castillo<\/h4><p>Auxiliar de Primaria<\/p><h4>Milagros Mabel Huam\u00e1n Artica<\/h4><p>Secretaria<\/p><h4>Victor Alejandro Munive Ch\u00e1vez<\/h4><p>Encargado del SIAGIE<\/p><p>\u00a0<\/p>\t\t\t\t\t\t\t\t<\/div>\n\t\t\t\t<\/div>\n\t\t\t\t<\/div>\n\t\t<div class=\"elementor-element elementor-element-03ede93 e-con-full e-flex e-con e-child\" data-id=\"03ede93\" data-element_type=\"container\" data-e-type=\"container\">\n\t\t\t\t<div class=\"elementor-element elementor-element-fc9b485 elementor-widget elementor-widget-text-editor\" data-id=\"fc9b485\" data-element_type=\"widget\" data-e-type=\"widget\" data-widget_type=\"text-editor.default\">\n\t\t\t\t<div class=\"elementor-widget-container\">\n\t\t\t\t\t\t\t\t\t<h4>Brenda Goche Silva<\/h4><p>Psic\u00f3loga Secundaria<\/p><h4>Gabriela Alejandra Torpoco Garay<\/h4><p>Psic\u00f3loga Primaria<\/p><h4>Ana Mar\u00eda Morales Rodr\u00edguez<\/h4><p>Recepcionista<\/p><h4>Susana Alicia Cabrera Herrera<\/h4><p>Recepcionista<\/p>\t\t\t\t\t\t\t\t<\/div>\n\t\t\t\t<\/div>\n\t\t\t\t<\/div>\n\t\t\t\t\t<\/div>\n\t\t\t\t<\/div>\n\t\t<div class=\"elementor-element elementor-element-87cf1eb e-flex e-con-boxed e-con e-parent\" data-id=\"87cf1eb\" data-element_type=\"container\" data-e-type=\"container\">\n\t\t\t\t\t<div class=\"e-con-inner\">\n\t\t<div class=\"elementor-element elementor-element-0491bf2 e-con-full e-flex e-con e-child\" data-id=\"0491bf2\" data-element_type=\"container\" data-e-type=\"container\">\n\t\t\t\t<div class=\"elementor-element elementor-element-8e7bba1 elementor-widget elementor-widget-heading\" data-id=\"8e7bba1\" data-element_type=\"widget\" data-e-type=\"widget\" data-widget_type=\"heading.default\">\n\t\t\t\t<div class=\"elementor-widget-container\">\n\t\t\t\t\t<h2 class=\"elementor-heading-title elementor-size-default\">Personal de Apoyo\n\n\n\n<\/h2>\t\t\t\t<\/div>\n\t\t\t\t<\/div>\n\t\t\t\t<div class=\"elementor-element elementor-element-1fd3232 elementor-view-default elementor-widget elementor-widget-icon\" data-id=\"1fd3232\" data-element_type=\"widget\" data-e-type=\"widget\" data-widget_type=\"icon.default\">\n\t\t\t\t<div class=\"elementor-widget-container\">\n\t\t\t\t\t\t\t<div class=\"elementor-icon-wrapper\">\n\t\t\t<div class=\"elementor-icon\">\n\t\t\t<svg aria-hidden=\"true\" class=\"e-font-icon-svg e-fas-users\" viewBox=\"0 0 640 512\" xmlns=\"http:\/\/www.w3.org\/2000\/svg\"><path d=\"M96 224c35.3 0 64-28.7 64-64s-28.7-64-64-64-64 28.7-64 64 28.7 64 64 64zm448 0c35.3 0 64-28.7 64-64s-28.7-64-64-64-64 28.7-64 64 28.7 64 64 64zm32 32h-64c-17.6 0-33.5 7.1-45.1 18.6 40.3 22.1 68.9 62 75.1 109.4h66c17.7 0 32-14.3 32-32v-32c0-35.3-28.7-64-64-64zm-256 0c61.9 0 112-50.1 112-112S381.9 32 320 32 208 82.1 208 144s50.1 112 112 112zm76.8 32h-8.3c-20.8 10-43.9 16-68.5 16s-47.6-6-68.5-16h-8.3C179.6 288 128 339.6 128 403.2V432c0 26.5 21.5 48 48 48h288c26.5 0 48-21.5 48-48v-28.8c0-63.6-51.6-115.2-115.2-115.2zm-223.7-13.4C161.5 263.1 145.6 256 128 256H64c-35.3 0-64 28.7-64 64v32c0 17.7 14.3 32 32 32h65.9c6.3-47.4 34.9-87.3 75.2-109.4z\"><\/path><\/svg>\t\t\t<\/div>\n\t\t<\/div>\n\t\t\t\t\t\t<\/div>\n\t\t\t\t<\/div>\n\t\t\t\t<\/div>\n\t\t<div class=\"elementor-element elementor-element-92e1740 e-con-full e-flex e-con e-child\" data-id=\"92e1740\" data-element_type=\"container\" data-e-type=\"container\">\n\t\t\t\t<div class=\"elementor-element elementor-element-7eac1de elementor-widget elementor-widget-text-editor\" data-id=\"7eac1de\" data-element_type=\"widget\" data-e-type=\"widget\" data-widget_type=\"text-editor.default\">\n\t\t\t\t<div class=\"elementor-widget-container\">\n\t\t\t\t\t\t\t\t\t<h4>Alberto Ambrosio Palacios<\/h4><p>Apoyo y Mantenimiento<\/p><h4>Jorge Balza Ram\u00edrez<\/h4><p>Apoyo y Mantenimiento<\/p><p>\u00a0<\/p>\t\t\t\t\t\t\t\t<\/div>\n\t\t\t\t<\/div>\n\t\t\t\t<\/div>\n\t\t<div class=\"elementor-element elementor-element-06a103d e-con-full e-flex e-con e-child\" data-id=\"06a103d\" data-element_type=\"container\" data-e-type=\"container\">\n\t\t\t\t<div class=\"elementor-element elementor-element-5d7c976 elementor-widget elementor-widget-text-editor\" data-id=\"5d7c976\" data-element_type=\"widget\" data-e-type=\"widget\" data-widget_type=\"text-editor.default\">\n\t\t\t\t<div class=\"elementor-widget-container\">\n\t\t\t\t\t\t\t\t\t<h4>Eddy Pilar Sosa Parco<\/h4><p>Apoyo y Mantenimiento<\/p><h4>Antonio Rojas Porras<\/h4><p>Apoyo y Mantenimiento<\/p>\t\t\t\t\t\t\t\t<\/div>\n\t\t\t\t<\/div>\n\t\t\t\t<\/div>\n\t\t\t\t\t<\/div>\n\t\t\t\t<\/div>\n\t\t\t\t<\/div>\n\t\t","protected":false},"excerpt":{"rendered":"<p>COMUNIDAD Personal del Colegio Dr. Carlos Enrique Vento Cangalaya Misi\u00f3n: Director Sor Bersabeth Ch\u00e1vez Mancilla Misi\u00f3n: Directora comunidadAdministradora Sor Karla Emma Rojas Mendoza Misi\u00f3n: Coordinadora de Pastoral Sor Gladys Mar\u00eda del Rocio Tresierra Malarin Misi\u00f3n: Pastoral de adultos Sor Mar\u00eda Elida Castillo Misi\u00f3n: Directora del CETPRO Sor Flora Luque Berrocal Misi\u00f3n: Catequista Sor Edna Moreno [&hellip;]<\/p>\n","protected":false},"author":1,"featured_media":0,"parent":0,"menu_order":0,"comment_status":"closed","ping_status":"open","template":"elementor_header_footer","meta":{"footnotes":""},"class_list":["post-450","page","type-page","status-publish","hentry","entry"],"_links":{"self":[{"href":"https:\/\/www.puntoweb.net.pe\/cepmahyo2\/wp-json\/wp\/v2\/pages\/450","targetHints":{"allow":["GET"]}}],"collection":[{"href":"https:\/\/www.puntoweb.net.pe\/cepmahyo2\/wp-json\/wp\/v2\/pages"}],"about":[{"href":"https:\/\/www.puntoweb.net.pe\/cepmahyo2\/wp-json\/wp\/v2\/types\/page"}],"author":[{"embeddable":true,"href":"https:\/\/www.puntoweb.net.pe\/cepmahyo2\/wp-json\/wp\/v2\/users\/1"}],"replies":[{"embeddable":true,"href":"https:\/\/www.puntoweb.net.pe\/cepmahyo2\/wp-json\/wp\/v2\/comments?post=450"}],"version-history":[{"count":34,"href":"https:\/\/www.puntoweb.net.pe\/cepmahyo2\/wp-json\/wp\/v2\/pages\/450\/revisions"}],"predecessor-version":[{"id":6171,"href":"https:\/\/www.puntoweb.net.pe\/cepmahyo2\/wp-json\/wp\/v2\/pages\/450\/revisions\/6171"}],"wp:attachment":[{"href":"https:\/\/www.puntoweb.net.pe\/cepmahyo2\/wp-json\/wp\/v2\/media?parent=450"}],"curies":[{"name":"wp","href":"https:\/\/api.w.org\/{rel}","templated":true}]}}