{"id":603,"date":"2024-04-20T00:23:41","date_gmt":"2024-04-20T00:23:41","guid":{"rendered":"https:\/\/www.puntoweb.net.pe\/cepmahyo2\/?page_id=603"},"modified":"2024-05-03T19:43:28","modified_gmt":"2024-05-03T19:43:28","slug":"enfoques-transversales","status":"publish","type":"page","link":"https:\/\/www.puntoweb.net.pe\/cepmahyo2\/enfoques-transversales\/","title":{"rendered":"Enfoques Transversales"},"content":{"rendered":"\t\t<div data-elementor-type=\"wp-page\" data-elementor-id=\"603\" class=\"elementor elementor-603\" data-elementor-post-type=\"page\">\n\t\t\t\t<div class=\"elementor-element elementor-element-1586abfb e-flex e-con-boxed e-con e-parent\" data-id=\"1586abfb\" data-element_type=\"container\" data-e-type=\"container\" data-settings=\"{&quot;background_background&quot;:&quot;gradient&quot;}\">\n\t\t\t\t\t<div class=\"e-con-inner\">\n\t\t\t\t<div class=\"elementor-element elementor-element-3eca0ca2 elementor-widget elementor-widget-heading\" data-id=\"3eca0ca2\" data-element_type=\"widget\" data-e-type=\"widget\" data-widget_type=\"heading.default\">\n\t\t\t\t<div class=\"elementor-widget-container\">\n\t\t\t\t\t<h2 class=\"elementor-heading-title elementor-size-default\">Enfoques Transversales del CNEB\n\n\n<\/h2>\t\t\t\t<\/div>\n\t\t\t\t<\/div>\n\t\t\t\t\t<\/div>\n\t\t\t\t<\/div>\n\t\t<div class=\"elementor-element elementor-element-62271a5f e-flex e-con-boxed e-con e-parent\" data-id=\"62271a5f\" data-element_type=\"container\" data-e-type=\"container\">\n\t\t\t\t\t<div class=\"e-con-inner\">\n\t\t<div class=\"elementor-element elementor-element-6d6a76ae e-con-full e-flex e-con e-child\" data-id=\"6d6a76ae\" data-element_type=\"container\" data-e-type=\"container\">\n\t\t\t\t<div class=\"elementor-element elementor-element-c2204ea elementor-widget elementor-widget-heading\" data-id=\"c2204ea\" data-element_type=\"widget\" data-e-type=\"widget\" data-widget_type=\"heading.default\">\n\t\t\t\t<div class=\"elementor-widget-container\">\n\t\t\t\t\t<h2 class=\"elementor-heading-title elementor-size-default\">Enfoque de Derechos\n<\/h2>\t\t\t\t<\/div>\n\t\t\t\t<\/div>\n\t\t\t\t<div class=\"elementor-element elementor-element-14931c4 elementor-widget elementor-widget-text-editor\" data-id=\"14931c4\" data-element_type=\"widget\" data-e-type=\"widget\" data-widget_type=\"text-editor.default\">\n\t\t\t\t<div class=\"elementor-widget-container\">\n\t\t\t\t\t\t\t\t\t<div class=\"elementor-element elementor-element-3e8aed5 elementor-widget elementor-widget-text-editor\" data-id=\"3e8aed5\" data-element_type=\"widget\" data-widget_type=\"text-editor.default\"><div class=\"elementor-widget-container\"><ul><li>Reconoce a los estudiantes como sujetos de derechos (defender y exigir legalmente sus derechos), deberes (participar del mundo social).<\/li><li><p>Libertad individual, derecho colectivo y participaci\u00f3n en asuntos p\u00fablicos<\/p><\/li><\/ul><\/div><\/div>\t\t\t\t\t\t\t\t<\/div>\n\t\t\t\t<\/div>\n\t\t\t\t<div class=\"elementor-element elementor-element-fa1939b elementor-widget elementor-widget-heading\" data-id=\"fa1939b\" data-element_type=\"widget\" data-e-type=\"widget\" data-widget_type=\"heading.default\">\n\t\t\t\t<div class=\"elementor-widget-container\">\n\t\t\t\t\t<h2 class=\"elementor-heading-title elementor-size-default\">Enfoque Inclusivo o de Atenci\u00f3n a la Diversidad\n<\/h2>\t\t\t\t<\/div>\n\t\t\t\t<\/div>\n\t\t\t\t<div class=\"elementor-element elementor-element-c481889 elementor-widget elementor-widget-text-editor\" data-id=\"c481889\" data-element_type=\"widget\" data-e-type=\"widget\" data-widget_type=\"text-editor.default\">\n\t\t\t\t<div class=\"elementor-widget-container\">\n\t\t\t\t\t\t\t\t\t<div class=\"elementor-element elementor-element-09755b7 elementor-widget elementor-widget-text-editor\" data-id=\"09755b7\" data-element_type=\"widget\" data-widget_type=\"text-editor.default\"><div class=\"elementor-widget-container\"><div class=\"elementor-element elementor-element-6a09705 elementor-widget elementor-widget-text-editor\" data-id=\"6a09705\" data-element_type=\"widget\" data-widget_type=\"text-editor.default\"><div class=\"elementor-widget-container\"><div class=\"elementor-element elementor-element-1628de1 elementor-widget elementor-widget-text-editor\" data-id=\"1628de1\" data-element_type=\"widget\" data-widget_type=\"text-editor.default\"><div class=\"elementor-widget-container\"><div class=\"elementor-element elementor-element-6a09705 elementor-widget elementor-widget-text-editor\" data-id=\"6a09705\" data-element_type=\"widget\" data-widget_type=\"text-editor.default\"><div class=\"elementor-widget-container\"><ul><li>Derecho a oportunidades educativas y resultados de aprendizaje de calidad.<\/li><li>Significa erradicar la exclusi\u00f3n, discriminaci\u00f3n y desigualdad de oportunidades.<\/li><\/ul><\/div><\/div><\/div><\/div><\/div><\/div><\/div><\/div>\t\t\t\t\t\t\t\t<\/div>\n\t\t\t\t<\/div>\n\t\t\t\t<div class=\"elementor-element elementor-element-b84204b elementor-widget elementor-widget-heading\" data-id=\"b84204b\" data-element_type=\"widget\" data-e-type=\"widget\" data-widget_type=\"heading.default\">\n\t\t\t\t<div class=\"elementor-widget-container\">\n\t\t\t\t\t<h2 class=\"elementor-heading-title elementor-size-default\">Enfoque Intercultural\n<\/h2>\t\t\t\t<\/div>\n\t\t\t\t<\/div>\n\t\t\t\t<div class=\"elementor-element elementor-element-c059c86 elementor-widget elementor-widget-text-editor\" data-id=\"c059c86\" data-element_type=\"widget\" data-e-type=\"widget\" data-widget_type=\"text-editor.default\">\n\t\t\t\t<div class=\"elementor-widget-container\">\n\t\t\t\t\t\t\t\t\t<div class=\"elementor-element elementor-element-09755b7 elementor-widget elementor-widget-text-editor\" data-id=\"09755b7\" data-element_type=\"widget\" data-widget_type=\"text-editor.default\"><div class=\"elementor-widget-container\"><div class=\"elementor-element elementor-element-1628de1 elementor-widget elementor-widget-text-editor\" data-id=\"1628de1\" data-element_type=\"widget\" data-widget_type=\"text-editor.default\"><div class=\"elementor-widget-container\"><ul><li class=\"font_8\"><span class=\"color_25\">La interculturalidad es un proceso din\u00e1mico y permanente de interacci\u00f3n e intercambio entre personas de diversas culturas, para una convivencia basada en el acuerdo y la complementariedad, respeto a la propia identidad y diferencias.<\/span><\/li><\/ul><\/div><\/div><\/div><\/div>\t\t\t\t\t\t\t\t<\/div>\n\t\t\t\t<\/div>\n\t\t\t\t<div class=\"elementor-element elementor-element-d0502d6 elementor-widget elementor-widget-heading\" data-id=\"d0502d6\" data-element_type=\"widget\" data-e-type=\"widget\" data-widget_type=\"heading.default\">\n\t\t\t\t<div class=\"elementor-widget-container\">\n\t\t\t\t\t<h2 class=\"elementor-heading-title elementor-size-default\">Enfoque Igualdad de G\u00e9nero\n\n\n\n<\/h2>\t\t\t\t<\/div>\n\t\t\t\t<\/div>\n\t\t\t\t<div class=\"elementor-element elementor-element-b1483e6 elementor-widget elementor-widget-text-editor\" data-id=\"b1483e6\" data-element_type=\"widget\" data-e-type=\"widget\" data-widget_type=\"text-editor.default\">\n\t\t\t\t<div class=\"elementor-widget-container\">\n\t\t\t\t\t\t\t\t\t<div class=\"elementor-element elementor-element-09755b7 elementor-widget elementor-widget-text-editor\" data-id=\"09755b7\" data-element_type=\"widget\" data-widget_type=\"text-editor.default\"><div class=\"elementor-widget-container\"><div class=\"elementor-element elementor-element-1628de1 elementor-widget elementor-widget-text-editor\" data-id=\"1628de1\" data-element_type=\"widget\" data-widget_type=\"text-editor.default\"><div class=\"elementor-widget-container\"><div class=\"elementor-element elementor-element-77324fe elementor-widget elementor-widget-text-editor\" data-id=\"77324fe\" data-element_type=\"widget\" data-widget_type=\"text-editor.default\"><div class=\"elementor-widget-container\"><div class=\"elementor-element elementor-element-7fe6fec elementor-widget elementor-widget-text-editor\" data-id=\"7fe6fec\" data-element_type=\"widget\" data-widget_type=\"text-editor.default\"><div class=\"elementor-widget-container\"><ul><li class=\"font_8\"><span class=\"color_25\">Igual valoraci\u00f3n de los diferentes comportamientos, aspiraciones, necesidades de mujeres y varones.<\/span><\/li><\/ul><\/div><\/div><div class=\"elementor-element elementor-element-2fff1c8 tx-hd-align-left elementor-widget elementor-widget-avas-heading\" data-id=\"2fff1c8\" data-element_type=\"widget\" data-widget_type=\"avas-heading.default\"><div class=\"elementor-widget-container\">\u00a0<\/div><\/div><\/div><\/div><\/div><\/div><\/div><\/div>\t\t\t\t\t\t\t\t<\/div>\n\t\t\t\t<\/div>\n\t\t\t\t<div class=\"elementor-element elementor-element-95f80be elementor-widget elementor-widget-heading\" data-id=\"95f80be\" data-element_type=\"widget\" data-e-type=\"widget\" data-widget_type=\"heading.default\">\n\t\t\t\t<div class=\"elementor-widget-container\">\n\t\t\t\t\t<h2 class=\"elementor-heading-title elementor-size-default\">Enfoque Ambiental\n\n<\/h2>\t\t\t\t<\/div>\n\t\t\t\t<\/div>\n\t\t\t\t<div class=\"elementor-element elementor-element-dd44118 elementor-widget elementor-widget-text-editor\" data-id=\"dd44118\" data-element_type=\"widget\" data-e-type=\"widget\" data-widget_type=\"text-editor.default\">\n\t\t\t\t<div class=\"elementor-widget-container\">\n\t\t\t\t\t\t\t\t\t<div class=\"elementor-element elementor-element-09755b7 elementor-widget elementor-widget-text-editor\" data-id=\"09755b7\" data-element_type=\"widget\" data-widget_type=\"text-editor.default\"><div class=\"elementor-widget-container\"><div class=\"elementor-element elementor-element-ae37086 elementor-widget elementor-widget-text-editor\" data-id=\"ae37086\" data-element_type=\"widget\" data-widget_type=\"text-editor.default\"><div class=\"elementor-widget-container\"><ul><li class=\"font_8\"><span class=\"color_25\">Formaci\u00f3n de personas con conciencia cr\u00edtica y colectiva sobre la problem\u00e1tica ambiental, condici\u00f3n del cambio clim\u00e1tico, relaci\u00f3n con la pobreza y desigualdad social.<\/span><span class=\"color_25\"><br \/><\/span><\/li><li class=\"font_8\"><span class=\"color_25\">Las dimensiones del desarrollo sostenible son: Social, econ\u00f3mica, cultural y ambienta.<\/span><\/li><\/ul><\/div><\/div><\/div><\/div>\t\t\t\t\t\t\t\t<\/div>\n\t\t\t\t<\/div>\n\t\t\t\t<div class=\"elementor-element elementor-element-a3f70e6 elementor-widget elementor-widget-heading\" data-id=\"a3f70e6\" data-element_type=\"widget\" data-e-type=\"widget\" data-widget_type=\"heading.default\">\n\t\t\t\t<div class=\"elementor-widget-container\">\n\t\t\t\t\t<h2 class=\"elementor-heading-title elementor-size-default\">Enfoque Orientaci\u00f3n al Bien Com\u00fan\n\n\n<\/h2>\t\t\t\t<\/div>\n\t\t\t\t<\/div>\n\t\t\t\t<div class=\"elementor-element elementor-element-29fab48 elementor-widget elementor-widget-text-editor\" data-id=\"29fab48\" data-element_type=\"widget\" data-e-type=\"widget\" data-widget_type=\"text-editor.default\">\n\t\t\t\t<div class=\"elementor-widget-container\">\n\t\t\t\t\t\t\t\t\t<div class=\"elementor-element elementor-element-09755b7 elementor-widget elementor-widget-text-editor\" data-id=\"09755b7\" data-element_type=\"widget\" data-widget_type=\"text-editor.default\"><div class=\"elementor-widget-container\"><div class=\"elementor-element elementor-element-ae37086 elementor-widget elementor-widget-text-editor\" data-id=\"ae37086\" data-element_type=\"widget\" data-widget_type=\"text-editor.default\"><div class=\"elementor-widget-container\"><ul><li class=\"font_8\"><span class=\"color_25\">Son los bienes compartidos (valores, virtudes c\u00edvicas, sentido de justicia).<\/span><\/li><li class=\"font_8\"><span class=\"color_25\">Buscar el bien com\u00fan y el esfuerzo colectivo.<\/span><\/li><li class=\"font_8\"><span class=\"color_25\">Valorar y proteger bienes compartidos.<\/span><\/li><li class=\"font_8\"><span class=\"color_25\">El bien de una comunidad viene a ser las relaciones rec\u00edprocas entre las personas.<\/span><\/li><li class=\"font_8\"><span class=\"color_25\">La educaci\u00f3n y conocimientos son bienes comunes mundiales.<\/span><\/li><\/ul><\/div><\/div><\/div><\/div>\t\t\t\t\t\t\t\t<\/div>\n\t\t\t\t<\/div>\n\t\t\t\t<div class=\"elementor-element elementor-element-ae6213c elementor-widget elementor-widget-heading\" data-id=\"ae6213c\" data-element_type=\"widget\" data-e-type=\"widget\" data-widget_type=\"heading.default\">\n\t\t\t\t<div class=\"elementor-widget-container\">\n\t\t\t\t\t<h2 class=\"elementor-heading-title elementor-size-default\">Enfoque B\u00fasqueda de la Excelencia\n\n\n\n<\/h2>\t\t\t\t<\/div>\n\t\t\t\t<\/div>\n\t\t\t\t<div class=\"elementor-element elementor-element-ead713b elementor-widget elementor-widget-text-editor\" data-id=\"ead713b\" data-element_type=\"widget\" data-e-type=\"widget\" data-widget_type=\"text-editor.default\">\n\t\t\t\t<div class=\"elementor-widget-container\">\n\t\t\t\t\t\t\t\t\t<div class=\"elementor-element elementor-element-09755b7 elementor-widget elementor-widget-text-editor\" data-id=\"09755b7\" data-element_type=\"widget\" data-widget_type=\"text-editor.default\"><div class=\"elementor-widget-container\"><div class=\"elementor-element elementor-element-1628de1 elementor-widget elementor-widget-text-editor\" data-id=\"1628de1\" data-element_type=\"widget\" data-widget_type=\"text-editor.default\"><div class=\"elementor-widget-container\"><div class=\"elementor-element elementor-element-77324fe elementor-widget elementor-widget-text-editor\" data-id=\"77324fe\" data-element_type=\"widget\" data-widget_type=\"text-editor.default\"><div class=\"elementor-widget-container\"><div class=\"elementor-element elementor-element-c1b34da elementor-widget elementor-widget-text-editor\" data-id=\"c1b34da\" data-element_type=\"widget\" data-widget_type=\"text-editor.default\"><div class=\"elementor-widget-container\"><ul><li class=\"font_8\"><span class=\"color_25\">Utilizar el m\u00e1ximo de las facultades y adquirir estrategias para el \u00e9xito de las propias metas.<\/span><\/li><li class=\"font_8\"><span class=\"color_25\">Requiere de la capacidad para el cambio y la adaptaci\u00f3n.<\/span><\/li><li class=\"font_8\"><span class=\"color_25\">Cada individuo construye su realidad y busca ser cada vez mejor para contribuir con su comunidad.<\/span><\/li><\/ul><\/div><\/div><\/div><\/div><\/div><\/div><\/div><\/div>\t\t\t\t\t\t\t\t<\/div>\n\t\t\t\t<\/div>\n\t\t\t\t<div class=\"elementor-element elementor-element-cf7c06b elementor-widget elementor-widget-heading\" data-id=\"cf7c06b\" data-element_type=\"widget\" data-e-type=\"widget\" data-widget_type=\"heading.default\">\n\t\t\t\t<div class=\"elementor-widget-container\">\n\t\t\t\t\t<h2 class=\"elementor-heading-title elementor-size-default\">CALENDARIZACI\u00d3N 2024\n\n\n\n\n<\/h2>\t\t\t\t<\/div>\n\t\t\t\t<\/div>\n\t\t\t\t<div class=\"elementor-element elementor-element-824850f elementor-widget elementor-widget-text-editor\" data-id=\"824850f\" data-element_type=\"widget\" data-e-type=\"widget\" data-widget_type=\"text-editor.default\">\n\t\t\t\t<div class=\"elementor-widget-container\">\n\t\t\t\t\t\t\t\t\t<div class=\"elementor-element elementor-element-09755b7 elementor-widget elementor-widget-text-editor\" data-id=\"09755b7\" data-element_type=\"widget\" data-widget_type=\"text-editor.default\"><div class=\"elementor-widget-container\"><div class=\"elementor-element elementor-element-1628de1 elementor-widget elementor-widget-text-editor\" data-id=\"1628de1\" data-element_type=\"widget\" data-widget_type=\"text-editor.default\"><div class=\"elementor-widget-container\"><div class=\"elementor-element elementor-element-77324fe elementor-widget elementor-widget-text-editor\" data-id=\"77324fe\" data-element_type=\"widget\" data-widget_type=\"text-editor.default\"><div class=\"elementor-widget-container\"><div class=\"elementor-element elementor-element-c1b34da elementor-widget elementor-widget-text-editor\" data-id=\"c1b34da\" data-element_type=\"widget\" data-widget_type=\"text-editor.default\"><div class=\"elementor-widget-container\"><h4><strong><b>Primer trimestre<\/b><\/strong><\/h4><h4>Del 4 de marzo al 24 de mayo<\/h4><h4><strong><b>12 semanas<\/b><\/strong><\/h4><\/div><\/div><\/div><\/div><\/div><\/div><\/div><\/div>\t\t\t\t\t\t\t\t<\/div>\n\t\t\t\t<\/div>\n\t\t\t\t<div class=\"elementor-element elementor-element-c3808d1 elementor-widget elementor-widget-text-editor\" data-id=\"c3808d1\" data-element_type=\"widget\" data-e-type=\"widget\" data-widget_type=\"text-editor.default\">\n\t\t\t\t<div class=\"elementor-widget-container\">\n\t\t\t\t\t\t\t\t\t<div class=\"elementor-element elementor-element-09755b7 elementor-widget elementor-widget-text-editor\" data-id=\"09755b7\" data-element_type=\"widget\" data-widget_type=\"text-editor.default\"><div class=\"elementor-widget-container\"><div class=\"elementor-element elementor-element-1628de1 elementor-widget elementor-widget-text-editor\" data-id=\"1628de1\" data-element_type=\"widget\" data-widget_type=\"text-editor.default\"><div class=\"elementor-widget-container\"><div class=\"elementor-element elementor-element-77324fe elementor-widget elementor-widget-text-editor\" data-id=\"77324fe\" data-element_type=\"widget\" data-widget_type=\"text-editor.default\"><div class=\"elementor-widget-container\"><div class=\"elementor-element elementor-element-c1b34da elementor-widget elementor-widget-text-editor\" data-id=\"c1b34da\" data-element_type=\"widget\" data-widget_type=\"text-editor.default\"><div class=\"elementor-widget-container\"><ul><li><strong>Descanso de las estudiantes: del 27 al 31 de mayo.<\/strong><\/li><li><b><\/b><strong>Entrega de boletas: 13 y 14 de junio \u2013 Padres de familia.<\/strong><\/li><\/ul><\/div><\/div><\/div><\/div><\/div><\/div><\/div><\/div>\t\t\t\t\t\t\t\t<\/div>\n\t\t\t\t<\/div>\n\t\t\t\t<div class=\"elementor-element elementor-element-a843f94 elementor-widget elementor-widget-text-editor\" data-id=\"a843f94\" data-element_type=\"widget\" data-e-type=\"widget\" data-widget_type=\"text-editor.default\">\n\t\t\t\t<div class=\"elementor-widget-container\">\n\t\t\t\t\t\t\t\t\t<div class=\"elementor-element elementor-element-09755b7 elementor-widget elementor-widget-text-editor\" data-id=\"09755b7\" data-element_type=\"widget\" data-widget_type=\"text-editor.default\"><div class=\"elementor-widget-container\"><div class=\"elementor-element elementor-element-1628de1 elementor-widget elementor-widget-text-editor\" data-id=\"1628de1\" data-element_type=\"widget\" data-widget_type=\"text-editor.default\"><div class=\"elementor-widget-container\"><div class=\"elementor-element elementor-element-77324fe elementor-widget elementor-widget-text-editor\" data-id=\"77324fe\" data-element_type=\"widget\" data-widget_type=\"text-editor.default\"><div class=\"elementor-widget-container\"><div class=\"elementor-element elementor-element-c1b34da elementor-widget elementor-widget-text-editor\" data-id=\"c1b34da\" data-element_type=\"widget\" data-widget_type=\"text-editor.default\"><div class=\"elementor-widget-container\"><h4><strong><b>Segundo trimestre<\/b><\/strong><\/h4><h4>Del 3 de junio al 06 de setiembre<\/h4><h4><strong><b>1<\/b><\/strong>3<strong><b>\u00a0semanas<\/b><\/strong><\/h4><\/div><\/div><\/div><\/div><\/div><\/div><\/div><\/div>\t\t\t\t\t\t\t\t<\/div>\n\t\t\t\t<\/div>\n\t\t\t\t<div class=\"elementor-element elementor-element-287d557 elementor-widget elementor-widget-text-editor\" data-id=\"287d557\" data-element_type=\"widget\" data-e-type=\"widget\" data-widget_type=\"text-editor.default\">\n\t\t\t\t<div class=\"elementor-widget-container\">\n\t\t\t\t\t\t\t\t\t<div class=\"elementor-element elementor-element-09755b7 elementor-widget elementor-widget-text-editor\" data-id=\"09755b7\" data-element_type=\"widget\" data-widget_type=\"text-editor.default\"><div class=\"elementor-widget-container\"><div class=\"elementor-element elementor-element-1628de1 elementor-widget elementor-widget-text-editor\" data-id=\"1628de1\" data-element_type=\"widget\" data-widget_type=\"text-editor.default\"><div class=\"elementor-widget-container\"><div class=\"elementor-element elementor-element-77324fe elementor-widget elementor-widget-text-editor\" data-id=\"77324fe\" data-element_type=\"widget\" data-widget_type=\"text-editor.default\"><div class=\"elementor-widget-container\"><div class=\"elementor-element elementor-element-c1b34da elementor-widget elementor-widget-text-editor\" data-id=\"c1b34da\" data-element_type=\"widget\" data-widget_type=\"text-editor.default\"><div class=\"elementor-widget-container\"><ul><li><strong>Vacaciones de las estudiantes: Del 27 de julio al 02 de agosto.<\/strong><\/li><li><strong>Reinicio de clases: 06 de agosto.<\/strong><\/li><li><strong>Entrega de boletas: 19 y 20 de setiembre \u2013 Padres de familia.<\/strong><\/li><\/ul><\/div><\/div><\/div><\/div><\/div><\/div><\/div><\/div>\t\t\t\t\t\t\t\t<\/div>\n\t\t\t\t<\/div>\n\t\t\t\t<div class=\"elementor-element elementor-element-50e4a96 elementor-widget elementor-widget-text-editor\" data-id=\"50e4a96\" data-element_type=\"widget\" data-e-type=\"widget\" data-widget_type=\"text-editor.default\">\n\t\t\t\t<div class=\"elementor-widget-container\">\n\t\t\t\t\t\t\t\t\t<div class=\"elementor-element elementor-element-09755b7 elementor-widget elementor-widget-text-editor\" data-id=\"09755b7\" data-element_type=\"widget\" data-widget_type=\"text-editor.default\"><div class=\"elementor-widget-container\"><div class=\"elementor-element elementor-element-1628de1 elementor-widget elementor-widget-text-editor\" data-id=\"1628de1\" data-element_type=\"widget\" data-widget_type=\"text-editor.default\"><div class=\"elementor-widget-container\"><div class=\"elementor-element elementor-element-77324fe elementor-widget elementor-widget-text-editor\" data-id=\"77324fe\" data-element_type=\"widget\" data-widget_type=\"text-editor.default\"><div class=\"elementor-widget-container\"><div class=\"elementor-element elementor-element-c1b34da elementor-widget elementor-widget-text-editor\" data-id=\"c1b34da\" data-element_type=\"widget\" data-widget_type=\"text-editor.default\"><div class=\"elementor-widget-container\"><h4><strong><b>Tercer trimestre<\/b><\/strong><\/h4><h4>Del 09 de setiembre al 18 de diciembre<\/h4><h4><strong><b>1<\/b><\/strong>4<strong><b>\u00a0semanas<\/b><\/strong><\/h4><\/div><\/div><\/div><\/div><\/div><\/div><\/div><\/div>\t\t\t\t\t\t\t\t<\/div>\n\t\t\t\t<\/div>\n\t\t\t\t<div class=\"elementor-element elementor-element-4d9ca77 elementor-widget elementor-widget-text-editor\" data-id=\"4d9ca77\" data-element_type=\"widget\" data-e-type=\"widget\" data-widget_type=\"text-editor.default\">\n\t\t\t\t<div class=\"elementor-widget-container\">\n\t\t\t\t\t\t\t\t\t<div class=\"elementor-element elementor-element-09755b7 elementor-widget elementor-widget-text-editor\" data-id=\"09755b7\" data-element_type=\"widget\" data-widget_type=\"text-editor.default\"><div class=\"elementor-widget-container\"><div class=\"elementor-element elementor-element-1628de1 elementor-widget elementor-widget-text-editor\" data-id=\"1628de1\" data-element_type=\"widget\" data-widget_type=\"text-editor.default\"><div class=\"elementor-widget-container\"><div class=\"elementor-element elementor-element-77324fe elementor-widget elementor-widget-text-editor\" data-id=\"77324fe\" data-element_type=\"widget\" data-widget_type=\"text-editor.default\"><div class=\"elementor-widget-container\"><div class=\"elementor-element elementor-element-c1b34da elementor-widget elementor-widget-text-editor\" data-id=\"c1b34da\" data-element_type=\"widget\" data-widget_type=\"text-editor.default\"><div class=\"elementor-widget-container\"><ul><li><b>Descanso de las estudiantes: Del 14 al 18 de octubre.<\/b><\/li><li><b>Entrega de boletas y clausura del a\u00f1o acad\u00e9mico: 23 de diciembre.<\/b><\/li><\/ul><\/div><\/div><\/div><\/div><\/div><\/div><\/div><\/div>\t\t\t\t\t\t\t\t<\/div>\n\t\t\t\t<\/div>\n\t\t\t\t<div class=\"elementor-element elementor-element-062d575 elementor-widget elementor-widget-image\" data-id=\"062d575\" data-element_type=\"widget\" data-e-type=\"widget\" data-widget_type=\"image.default\">\n\t\t\t\t<div class=\"elementor-widget-container\">\n\t\t\t\t\t\t\t\t\t\t\t\t\t\t\t<img fetchpriority=\"high\" decoding=\"async\" width=\"1024\" height=\"683\" src=\"https:\/\/www.puntoweb.net.pe\/cepmahyo2\/wp-content\/uploads\/2024\/04\/48380237_687365291658005_611129818511048704_n-1024x683.jpg\" class=\"attachment-large size-large wp-image-61\" alt=\"\" srcset=\"https:\/\/www.puntoweb.net.pe\/cepmahyo2\/wp-content\/uploads\/2024\/04\/48380237_687365291658005_611129818511048704_n-1024x683.jpg 1024w, https:\/\/www.puntoweb.net.pe\/cepmahyo2\/wp-content\/uploads\/2024\/04\/48380237_687365291658005_611129818511048704_n-300x200.jpg 300w, https:\/\/www.puntoweb.net.pe\/cepmahyo2\/wp-content\/uploads\/2024\/04\/48380237_687365291658005_611129818511048704_n-768x512.jpg 768w, https:\/\/www.puntoweb.net.pe\/cepmahyo2\/wp-content\/uploads\/2024\/04\/48380237_687365291658005_611129818511048704_n-1536x1024.jpg 1536w, https:\/\/www.puntoweb.net.pe\/cepmahyo2\/wp-content\/uploads\/2024\/04\/48380237_687365291658005_611129818511048704_n-1080x720.jpg 1080w, https:\/\/www.puntoweb.net.pe\/cepmahyo2\/wp-content\/uploads\/2024\/04\/48380237_687365291658005_611129818511048704_n-1280x853.jpg 1280w, https:\/\/www.puntoweb.net.pe\/cepmahyo2\/wp-content\/uploads\/2024\/04\/48380237_687365291658005_611129818511048704_n-980x653.jpg 980w, https:\/\/www.puntoweb.net.pe\/cepmahyo2\/wp-content\/uploads\/2024\/04\/48380237_687365291658005_611129818511048704_n-480x320.jpg 480w, https:\/\/www.puntoweb.net.pe\/cepmahyo2\/wp-content\/uploads\/2024\/04\/48380237_687365291658005_611129818511048704_n.jpg 1728w\" sizes=\"(max-width: 1024px) 100vw, 1024px\" \/>\t\t\t\t\t\t\t\t\t\t\t\t\t\t\t<\/div>\n\t\t\t\t<\/div>\n\t\t\t\t<\/div>\n\t\t\t\t\t<\/div>\n\t\t\t\t<\/div>\n\t\t\t\t<\/div>\n\t\t","protected":false},"excerpt":{"rendered":"<p>Enfoques Transversales del CNEB Enfoque de Derechos Reconoce a los estudiantes como sujetos de derechos (defender y exigir legalmente sus derechos), deberes (participar del mundo social). Libertad individual, derecho colectivo y participaci\u00f3n en asuntos p\u00fablicos Enfoque Inclusivo o de Atenci\u00f3n a la Diversidad Derecho a oportunidades educativas y resultados de aprendizaje de calidad. Significa erradicar [&hellip;]<\/p>\n","protected":false},"author":1,"featured_media":0,"parent":0,"menu_order":0,"comment_status":"closed","ping_status":"closed","template":"elementor_header_footer","meta":{"footnotes":""},"class_list":["post-603","page","type-page","status-publish","hentry","entry"],"_links":{"self":[{"href":"https:\/\/www.puntoweb.net.pe\/cepmahyo2\/wp-json\/wp\/v2\/pages\/603","targetHints":{"allow":["GET"]}}],"collection":[{"href":"https:\/\/www.puntoweb.net.pe\/cepmahyo2\/wp-json\/wp\/v2\/pages"}],"about":[{"href":"https:\/\/www.puntoweb.net.pe\/cepmahyo2\/wp-json\/wp\/v2\/types\/page"}],"author":[{"embeddable":true,"href":"https:\/\/www.puntoweb.net.pe\/cepmahyo2\/wp-json\/wp\/v2\/users\/1"}],"replies":[{"embeddable":true,"href":"https:\/\/www.puntoweb.net.pe\/cepmahyo2\/wp-json\/wp\/v2\/comments?post=603"}],"version-history":[{"count":28,"href":"https:\/\/www.puntoweb.net.pe\/cepmahyo2\/wp-json\/wp\/v2\/pages\/603\/revisions"}],"predecessor-version":[{"id":6186,"href":"https:\/\/www.puntoweb.net.pe\/cepmahyo2\/wp-json\/wp\/v2\/pages\/603\/revisions\/6186"}],"wp:attachment":[{"href":"https:\/\/www.puntoweb.net.pe\/cepmahyo2\/wp-json\/wp\/v2\/media?parent=603"}],"curies":[{"name":"wp","href":"https:\/\/api.w.org\/{rel}","templated":true}]}}